{"id":2393,"date":"2017-03-17T09:31:04","date_gmt":"2017-03-17T07:31:04","guid":{"rendered":"http:\/\/costazul.net\/?page_id=2393"},"modified":"2017-05-24T08:14:16","modified_gmt":"2017-05-24T08:14:16","slug":"purchase-ticket-alicante-elche-airport","status":"publish","type":"page","link":"https:\/\/costazul.net\/en\/purchase-ticket-alicante-elche-airport\/","title":{"rendered":"Purchase Ticket Alicante\/Elche airport"},"content":{"rendered":"[vc_row disable_element=&#8221;yes&#8221; css=&#8221;.vc_custom_1489835499780{margin-bottom: 0px !important;}&#8221;][vc_column offset=&#8221;vc_hidden-xs&#8221;][rev_slider_vc alias=&#8221;compra-billete&#8221;][\/vc_column][\/vc_row][vc_row css=&#8221;.vc_custom_1490115096995{margin-top: 30px !important;margin-bottom: 0px !important;}&#8221;][vc_column][vc_custom_heading stripe_pos=&#8221;hide&#8221; text=&#8221;Purchase ticket Route: Torrevieja &#8211; Alicante\/Elche Airport &#8221; font_container=&#8221;tag:h1|text_align:left|color:%233a3189&#8243; use_theme_fonts=&#8221;yes&#8221; css=&#8221;.vc_custom_1495531906566{margin-bottom: -30px !important;}&#8221;][vc_custom_heading stripe_pos=&#8221;hide&#8221; text=&#8221;Buy online and securely your ticket from the Torrevieja &#8211; Alicante\/Elche Airport Line.<br \/>\nThe fastest, easiest and cheapest way to get to and from the airport.&#8221; use_theme_fonts=&#8221;yes&#8221;][\/vc_column][\/vc_row][vc_row content_placement=&#8221;middle&#8221; css=&#8221;.vc_custom_1490114533641{margin-top: 0px !important;margin-right: 0px !important;margin-left: 0px !important;}&#8221;][vc_column css=&#8221;.vc_custom_1489826026859{padding-top: 30px !important;}&#8221;][vc_single_image image=&#8221;2721&#8243; img_size=&#8221;full&#8221; alignment=&#8221;center&#8221; onclick=&#8221;custom_link&#8221; img_link_target=&#8221;_blank&#8221; link=&#8221;https:\/\/regular.autobusing.com\/venta?empresa=costa-azul&amp;locale=es&amp;locale=en&#8221;][vc_column_text]\n<p style=\"text-align: center;\"><a href=\"https:\/\/regular.autobusing.com\/venta?empresa=costa-azul&#038;locale=es&#038;locale=en\" class=\"su-button su-button-style-default\" style=\"color:#000000;background-color:#f9d04a;border-color:#c8a73c;border-radius:5px\" target=\"_blank\" rel=\"noopener noreferrer\" title=\"Buy online and securely your ticket from the Alicante \/ Elche Airport Line.\"><span style=\"color:#000000;padding:0px 16px;font-size:13px;line-height:26px;border-color:#fbdf81;border-radius:5px;text-shadow:none\"> PURCHASE \u00a0TICKET<\/span><\/a>\n[\/vc_column_text][\/vc_column][\/vc_row][vc_row content_placement=&#8221;middle&#8221; css=&#8221;.vc_custom_1488232459087{margin-top: 5px !important;margin-right: 0px !important;margin-bottom: 5px !important;margin-left: 0px !important;padding-top: 10px !important;padding-bottom: 10px !important;}&#8221;][vc_column offset=&#8221;vc_hidden-lg vc_hidden-md&#8221;][vc_column_text]\n<p style=\"text-align: center;\"><span style=\"color: #3a3189; font-size: medium;\">CAN WE HELP YOU<\/span><span style=\"color: #3a3189; font-size: medium;\">?<\/span><span style=\"color: #3a3189; font-size: medium;\">\u00a0<\/span><span style=\"color: #e73d36;\"><strong><span style=\"font-size: 12pt;\">(+34) 965 710 449<\/span><\/strong><\/span><\/p>\n[\/vc_column_text][\/vc_column][\/vc_row][vc_row content_placement=&#8221;middle&#8221; disable_element=&#8221;yes&#8221; css=&#8221;.vc_custom_1489825072013{margin-top: 0px !important;margin-right: 0px !important;margin-bottom: 10px !important;margin-left: 0px !important;padding-top: 10px !important;padding-bottom: 10px !important;}&#8221;][vc_column width=&#8221;1\/2&#8243; offset=&#8221;vc_hidden-lg vc_hidden-md&#8221; css=&#8221;.vc_custom_1488298416501{margin-bottom: 10px !important;}&#8221;][vc_single_image image=&#8221;1648&#8243; img_size=&#8221;full&#8221; alignment=&#8221;center&#8221; onclick=&#8221;custom_link&#8221; link=&#8221;#&#8221;][\/vc_column][vc_column width=&#8221;1\/2&#8243; offset=&#8221;vc_hidden-lg vc_hidden-md&#8221;][vc_single_image image=&#8221;1649&#8243; img_size=&#8221;full&#8221; alignment=&#8221;center&#8221; onclick=&#8221;custom_link&#8221; link=&#8221;#&#8221;][\/vc_column][\/vc_row][vc_row disable_element=&#8221;yes&#8221; css=&#8221;.vc_custom_1489824966298{margin-bottom: 20px !important;}&#8221;][vc_column width=&#8221;1\/2&#8243; css=&#8221;.vc_custom_1488274636374{margin-bottom: 20px !important;}&#8221;][vc_single_image image=&#8221;1609&#8243; img_size=&#8221;full&#8221; alignment=&#8221;center&#8221; css=&#8221;.vc_custom_1488365051807{margin-bottom: 0px !important;}&#8221;][vc_column_text css=&#8221;.vc_custom_1489687120898{margin-top: 0px !important;padding-top: 15px !important;padding-right: 15px !important;padding-bottom: 15px !important;padding-left: 15px !important;background-color: #f2f2f2 !important;}&#8221;]<span style=\"font-size: 12pt;\"><strong>TORREVIEJA &#8211; AEROPUERTO\u00a0ALICANTE-ELCHE<\/strong><\/span><br \/>\nC\u00f3modo, puntual y econ\u00f3mico.<br \/>\n<strong><a href=\"#\">COMPRAR BILLETE<\/a>\u00a0\u2192<\/strong>[\/vc_column_text][\/vc_column][vc_column width=&#8221;1\/2&#8243;][vc_single_image image=&#8221;1429&#8243; img_size=&#8221;full&#8221; alignment=&#8221;center&#8221; css=&#8221;.vc_custom_1488203159562{margin-bottom: 0px !important;}&#8221;][vc_column_text css=&#8221;.vc_custom_1488295259470{margin-top: 0px !important;padding-top: 15px !important;padding-right: 15px !important;padding-bottom: 15px !important;padding-left: 15px !important;background-color: #f2f2f2 !important;}&#8221;]<span style=\"font-size: 12pt;\"><strong>CARN\u00c9 UNIVERSITARIO<\/strong><\/span><br \/>\nDate de\u00a0alta\u00a0o \u00a1recarga tu bono!<br \/>\n<strong><a href=\"#\">M\u00c1S INFORMACI\u00d3N<\/a>\u00a0\u2192<\/strong>[\/vc_column_text][\/vc_column][\/vc_row][vc_row disable_element=&#8221;yes&#8221;][vc_column width=&#8221;1\/2&#8243; css=&#8221;.vc_custom_1488200775496{margin-bottom: 20px !important;}&#8221;][vc_single_image image=&#8221;1437&#8243; img_size=&#8221;full&#8221; alignment=&#8221;center&#8221; css=&#8221;.vc_custom_1488207912886{margin-bottom: 0px !important;}&#8221;][vc_column_text css=&#8221;.vc_custom_1488295278314{margin-top: 0px !important;padding-top: 15px !important;padding-right: 15px !important;padding-bottom: 15px !important;padding-left: 15px !important;background-color: #f2f2f2 !important;}&#8221;]<span style=\"font-size: 12pt;\"><strong>L\u00cdNEAS INTERURBANAS<\/strong><\/span><br \/>\nTodas las l\u00edneas, horarios, precios&#8230;<br \/>\n<strong><a href=\"#\">M\u00c1S INFORMACI\u00d3N<\/a>\u00a0\u2192<\/strong>[\/vc_column_text][\/vc_column][vc_column width=&#8221;1\/2&#8243;][vc_single_image image=&#8221;1438&#8243; img_size=&#8221;full&#8221; alignment=&#8221;center&#8221; css=&#8221;.vc_custom_1488207930109{margin-bottom: 0px !important;}&#8221;][vc_column_text css=&#8221;.vc_custom_1488295295839{margin-top: 0px !important;padding-top: 15px !important;padding-right: 15px !important;padding-bottom: 15px !important;padding-left: 15px !important;background-color: #f2f2f2 !important;}&#8221;]<span style=\"font-size: 12pt;\"><strong>L\u00cdNEAS URBANAS<\/strong><\/span><br \/>\nParada a parada, todo detallado.<br \/>\n<strong><a href=\"#\">M\u00c1S INFORMACI\u00d3N<\/a>\u00a0\u2192<\/strong>[\/vc_column_text][\/vc_column][\/vc_row][vc_row css=&#8221;.vc_custom_1488302589508{margin-top: 15px !important;padding-top: 0px !important;padding-bottom: 0px !important;}&#8221;][vc_column offset=&#8221;vc_hidden-sm vc_hidden-xs&#8221;][vc_single_image image=&#8221;2485&#8243; img_size=&#8221;full&#8221; alignment=&#8221;center&#8221;][\/vc_column][\/vc_row][vc_row css=&#8221;.vc_custom_1488302589508{margin-top: 15px !important;padding-top: 0px !important;padding-bottom: 0px !important;}&#8221;][vc_column offset=&#8221;vc_hidden-lg vc_hidden-md&#8221;][vc_single_image image=&#8221;2486&#8243; img_size=&#8221;full&#8221; alignment=&#8221;center&#8221;][\/vc_column][\/vc_row][vc_row full_width=&#8221;stretch_row&#8221; disable_element=&#8221;yes&#8221; el_class=&#8221;overlay fixed_bg&#8221; css=&#8221;.vc_custom_1489824550174{margin-top: 40px !important;margin-bottom: 40px !important;padding-top: 60px !important;padding-bottom: 60px !important;background-image: url(http:\/\/costazul.nuevo.nuevecomanueve.es\/wp-content\/uploads\/2015\/12\/img_paralax_index_2.jpg?id=1669) !important;background-position: center !important;background-repeat: no-repeat !important;background-size: cover !important;}&#8221;][vc_column][vc_row_inner css=&#8221;.vc_custom_1488234114613{margin-bottom: -10px !important;}&#8221;][vc_column_inner][vc_custom_heading icon=&#8221;stm-quote_13&#8243; icon_size=&#8221;40&#8243; text=&#8221;Acercando a la gente, desde 1946&#8243; font_container=&#8221;tag:h4|font_size:45px|text_align:left|color:%23ffffff|line_height:45px&#8221; google_fonts=&#8221;font_family:Open%20Sans%3A300%2C300italic%2Cregular%2Citalic%2C600%2C600italic%2C700%2C700italic%2C800%2C800italic|font_style:600%20bold%20regular%3A600%3Anormal&#8221; custom_icon=&#8221;stm-check&#8221; css=&#8221;.vc_custom_1488234058560{margin-bottom: 61px !important;}&#8221; el_class=&#8221;no_stripe&#8221; subtitle_color=&#8221;#3a3189&#8243;][\/vc_column_inner][\/vc_row_inner][vc_row_inner css=&#8221;.vc_custom_1488234184879{margin-top: -50px !important;}&#8221;][vc_column_inner width=&#8221;1\/4&#8243; offset=&#8221;vc_hidden-md vc_hidden-sm vc_hidden-xs&#8221;][stm_stats_counter counter_value=&#8221;160&#8243; title=&#8221;Autobuses&#8221;][\/vc_column_inner][vc_column_inner width=&#8221;1\/4&#8243; offset=&#8221;vc_hidden-md vc_hidden-sm vc_hidden-xs&#8221;][stm_stats_counter counter_value=&#8221;350&#8243; title=&#8221;Trabajadores&#8221;][\/vc_column_inner][vc_column_inner width=&#8221;1\/4&#8243; offset=&#8221;vc_hidden-md vc_hidden-sm vc_hidden-xs&#8221;][stm_stats_counter counter_value=&#8221;24&#8243; title=&#8221;Interurbanas&#8221;][\/vc_column_inner][vc_column_inner width=&#8221;1\/4&#8243; offset=&#8221;vc_hidden-md vc_hidden-sm vc_hidden-xs&#8221;][stm_stats_counter counter_value=&#8221;11&#8243; title=&#8221;L\u00edneas urbanas&#8221;][\/vc_column_inner][\/vc_row_inner][\/vc_column][\/vc_row][vc_row disable_element=&#8221;yes&#8221; css=&#8221;.vc_custom_1489826015491{margin-bottom: -60px !important;padding-top: 30px !important;padding-bottom: 30px !important;background-color: #f2f2f2 !important;}&#8221;][vc_column width=&#8221;1\/3&#8243;][vc_custom_heading text=&#8221;\u00a1Te llamamos!&#8221; font_container=&#8221;tag:div|font_size:34|text_align:left|color:%233a3189|line_height:38px&#8221; google_fonts=&#8221;font_family:Open%20Sans%3A300%2C300italic%2Cregular%2Citalic%2C600%2C600italic%2C700%2C700italic%2C800%2C800italic|font_style:400%20regular%3A400%3Anormal&#8221; css=&#8221;.vc_custom_1488229156622{margin-bottom: 19px !important;}&#8221;][vc_column_text]Te gustar\u00eda ampliar informaci\u00f3n acerca de l\u00edneas, horarios o cualquier otro servicio? D\u00e9janos tu tel\u00e9fono,\u00a0te llamamos a\u00a0la mayor\u00a0brevedad posible.[\/vc_column_text][\/vc_column][vc_column width=&#8221;2\/3&#8243; css=&#8221;.vc_custom_1488230947262{margin-top: 20px !important;}&#8221;]\n<div class=\"wpcf7 no-js\" id=\"wpcf7-f1029-o1\" lang=\"en-US\" dir=\"ltr\">\n<div class=\"screen-reader-response\"><p role=\"status\" aria-live=\"polite\" aria-atomic=\"true\"><\/p> <ul><\/ul><\/div>\n<form action=\"\/en\/wp-json\/wp\/v2\/pages\/2393#wpcf7-f1029-o1\" method=\"post\" class=\"wpcf7-form init\" aria-label=\"Contact form\" novalidate=\"novalidate\" data-status=\"init\">\n<div style=\"display: none;\">\n<input type=\"hidden\" name=\"_wpcf7\" value=\"1029\" \/>\n<input type=\"hidden\" name=\"_wpcf7_version\" value=\"5.9.6\" \/>\n<input type=\"hidden\" name=\"_wpcf7_locale\" value=\"en_US\" \/>\n<input type=\"hidden\" name=\"_wpcf7_unit_tag\" value=\"wpcf7-f1029-o1\" \/>\n<input type=\"hidden\" name=\"_wpcf7_container_post\" value=\"0\" \/>\n<input type=\"hidden\" name=\"_wpcf7_posted_data_hash\" value=\"\" \/>\n<input type=\"hidden\" name=\"_wpcf7_recaptcha_response\" value=\"\" \/>\n<\/div>\n<div class=\"request_callback\">\n\t<div class=\"row\">\n\t\t<div class=\"col-lg-6 col-md-6 col-sm-6 col-xs-12\">\n\t\t\t<div class=\"input-group\">\n\t\t\t\t<p><span class=\"wpcf7-form-control-wrap\" data-name=\"servicios\"><select class=\"wpcf7-form-control wpcf7-select\" aria-invalid=\"false\" name=\"servicios\"><option value=\"\">Informaci\u00f3n sobre<\/option><option value=\"Aeropuerto Alicante-Elche\">Aeropuerto Alicante-Elche<\/option><option value=\"Bono universitario\">Bono universitario<\/option><option value=\"L\u00edneas interurbanas\">L\u00edneas interurbanas<\/option><option value=\"L\u00edneas urbanas\">L\u00edneas urbanas<\/option><option value=\"Alquiler autobuses\">Alquiler autobuses<\/option><option value=\"Bodas y celebraciones\">Bodas y celebraciones<\/option><option value=\"Alquiler limusinas\">Alquiler limusinas<\/option><option value=\"Transporte escolar\">Transporte escolar<\/option><option value=\"Personas movilidad reducida\">Personas movilidad reducida<\/option><\/select><\/span>\n\t\t\t\t<\/p>\n\t\t\t<\/div>\n\t\t<\/div>\n\t\t<div class=\"col-lg-6 col-md-6 col-sm-6 col-xs-12\">\n\t\t\t<div class=\"input-group\">\n\t\t\t\t<p><span class=\"wpcf7-form-control-wrap\" data-name=\"nombre\"><input size=\"40\" maxlength=\"80\" class=\"wpcf7-form-control wpcf7-text wpcf7-validates-as-required\" aria-required=\"true\" aria-invalid=\"false\" placeholder=\"Tu nombre\" value=\"\" type=\"text\" name=\"nombre\" \/><\/span>\n\t\t\t\t<\/p>\n\t\t\t<\/div>\n\t\t<\/div>\n\t\t<div class=\"col-lg-6 col-md-6 col-sm-6 col-xs-12\">\n\t\t\t<div class=\"input-group\">\n\t\t\t\t<p><span class=\"wpcf7-form-control-wrap\" data-name=\"telefono\"><input size=\"40\" maxlength=\"80\" class=\"wpcf7-form-control wpcf7-tel wpcf7-validates-as-required wpcf7-text wpcf7-validates-as-tel\" aria-required=\"true\" aria-invalid=\"false\" placeholder=\"Tu Fijo \/ M\u00f3vil\" value=\"\" type=\"tel\" name=\"telefono\" \/><\/span>\n\t\t\t\t<\/p>\n\t\t\t<\/div>\n\t\t<\/div>\n\t\t<div class=\"col-lg-6 col-md-6 col-sm-6 col-xs-12\">\n\t\t\t<div class=\"input-group\">\n\t\t\t\t<p><button type=\"submit\" class=\"button size-lg icon_right\">Llamadme <i class=\"fa fa-chevron-right\"><\/i><\/button>\n\t\t\t\t<\/p>\n\t\t\t\t<div class=\"input-group\">\n\t\t\t\t\t<p>Acepto la <a href=\"\/aviso-legal-y-politica-de-privacidad\/\" class=\"popup\" data-height=\"450\" data-width=\"450\" data-scrollbars=\"0\" alt=\"condiciones\">pol\u00edtica de privacidad<\/a><span class=\"wpcf7-form-control-wrap\" data-name=\"acceptance-683\"><span class=\"wpcf7-form-control wpcf7-acceptance\"><span class=\"wpcf7-list-item\"><input type=\"checkbox\" name=\"acceptance-683\" value=\"1\" aria-invalid=\"false\" \/><\/span><\/span><\/span>\n\t\t\t\t\t<\/p>\n\t\t\t\t<\/div>\n\t\t\t<\/div>\n\t\t<\/div>\n\t<\/div>\n<\/div><p style=\"display: none !important;\" class=\"akismet-fields-container\" data-prefix=\"_wpcf7_ak_\"><label>&#916;<textarea name=\"_wpcf7_ak_hp_textarea\" cols=\"45\" rows=\"8\" maxlength=\"100\"><\/textarea><\/label><input type=\"hidden\" id=\"ak_js_1\" name=\"_wpcf7_ak_js\" value=\"76\"\/><script>document.getElementById( \"ak_js_1\" ).setAttribute( \"value\", ( new Date() ).getTime() );<\/script><\/p><div class=\"wpcf7-response-output\" aria-hidden=\"true\"><\/div>\n<\/form>\n<\/div>\n[\/vc_column][\/vc_row]\n","protected":false},"excerpt":{"rendered":"<p>[vc_row disable_element=&#8221;yes&#8221; css=&#8221;.vc_custom_1489835499780{margin-bottom: 0px !important;}&#8221;][vc_column offset=&#8221;vc_hidden-xs&#8221;][rev_slider_vc alias=&#8221;compra-billete&#8221;][\/vc_column][\/vc_row][vc_row css=&#8221;.vc_custom_1490115096995{margin-top: 30px !important;margin-bottom: 0px !important;}&#8221;][vc_column][vc_custom_heading stripe_pos=&#8221;hide&#8221; text=&#8221;Purchase ticket Route: Torrevieja &#8211; Alicante\/Elche Airport &#8221; font_container=&#8221;tag:h1|text_align:left|color:%233a3189&#8243; use_theme_fonts=&#8221;yes&#8221; css=&#8221;.vc_custom_1495531906566{margin-bottom: -30px !important;}&#8221;][vc_custom_heading stripe_pos=&#8221;hide&#8221; text=&#8221;Buy online and securely your ticket from the Torrevieja &#8211; Alicante\/Elche Airport Line. The fastest, easiest and cheapest way to get to and from the airport.&#8221; use_theme_fonts=&#8221;yes&#8221;][\/vc_column][\/vc_row][vc_row content_placement=&#8221;middle&#8221;<\/p>\n","protected":false},"author":12,"featured_media":0,"parent":0,"menu_order":0,"comment_status":"closed","ping_status":"closed","template":"","meta":{"footnotes":""},"aioseo_notices":[],"_links":{"self":[{"href":"https:\/\/costazul.net\/en\/wp-json\/wp\/v2\/pages\/2393"}],"collection":[{"href":"https:\/\/costazul.net\/en\/wp-json\/wp\/v2\/pages"}],"about":[{"href":"https:\/\/costazul.net\/en\/wp-json\/wp\/v2\/types\/page"}],"author":[{"embeddable":true,"href":"https:\/\/costazul.net\/en\/wp-json\/wp\/v2\/users\/12"}],"replies":[{"embeddable":true,"href":"https:\/\/costazul.net\/en\/wp-json\/wp\/v2\/comments?post=2393"}],"version-history":[{"count":14,"href":"https:\/\/costazul.net\/en\/wp-json\/wp\/v2\/pages\/2393\/revisions"}],"predecessor-version":[{"id":2862,"href":"https:\/\/costazul.net\/en\/wp-json\/wp\/v2\/pages\/2393\/revisions\/2862"}],"wp:attachment":[{"href":"https:\/\/costazul.net\/en\/wp-json\/wp\/v2\/media?parent=2393"}],"curies":[{"name":"wp","href":"https:\/\/api.w.org\/{rel}","templated":true}]}}