{"id":2411,"date":"2017-03-18T10:04:17","date_gmt":"2017-03-18T10:04:17","guid":{"rendered":"http:\/\/costazul.net\/?page_id=2411"},"modified":"2021-09-21T08:09:00","modified_gmt":"2021-09-21T08:09:00","slug":"intercity-services","status":"publish","type":"page","link":"https:\/\/costazul.net\/en\/intercity-services\/","title":{"rendered":"Intercity services"},"content":{"rendered":"[vc_row disable_element=&#8221;yes&#8221; css=&#8221;.vc_custom_1489831432646{margin-bottom: 0px !important;}&#8221;][vc_column offset=&#8221;vc_hidden-xs&#8221;][rev_slider_vc alias=&#8221;compra-billete&#8221;][\/vc_column][\/vc_row][vc_row css=&#8221;.vc_custom_1488302589508{margin-top: 15px !important;padding-top: 0px !important;padding-bottom: 0px !important;}&#8221;][vc_column][vc_single_image image=&#8221;3931&#8243; img_size=&#8221;full&#8221; alignment=&#8221;center&#8221; onclick=&#8221;custom_link&#8221; link=&#8221;\/en\/alarm-state\/&#8221;][\/vc_column][\/vc_row][vc_row disable_element=&#8221;yes&#8221; css=&#8221;.vc_custom_1597914755645{margin-top: 30px !important;}&#8221;][vc_column][vc_custom_heading stripe_pos=&#8221;hide&#8221; text=&#8221;Intercity services&#8221; font_container=&#8221;tag:h1|text_align:left|color:%233a3189&#8243; use_theme_fonts=&#8221;yes&#8221; css=&#8221;.vc_custom_1495536581319{margin-bottom: -30px !important;}&#8221;][vc_custom_heading stripe_pos=&#8221;hide&#8221; text=&#8221;You can see all the timetables of our intercity lines from here.<br \/>\nApproximate timetables at stops that are NOT header. They are updated periodically.<br \/>\nTickets can only BE BOUGHT ONLINE for the Torrevieja \u2013 Alicante\/Elche Airport service.&#8221; font_container=&#8221;tag:h3|text_align:left&#8221; use_theme_fonts=&#8221;yes&#8221; css=&#8221;.vc_custom_1496239576916{margin-bottom: 20px !important;padding-right: 15px !important;padding-bottom: 5px !important;padding-left: 15px !important;background-color: #f9d04a !important;}&#8221;][vc_raw_html css=&#8221;.vc_custom_1492688255227{margin-top: 0px !important;margin-bottom: 0px !important;}&#8221;]JTNDaWZyYW1lJTIwc3JjJTNEJTIyaHR0cHMlM0ElMkYlMkZyZWd1bGFyLmF1dG9idXNpbmcuY29tJTJGaW5mbyUyRmluZGV4JTNGX2VpZCUzREJBaHBDZyUyNTNEJTI1M0QlMjUwQSUyNmxvY2FsZSUzRGVuJTIyJTIwd2lkdGglM0QlMjIxMDAlMjUlMjIlMjBoZWlnaHQlM0QlMjI2MDAlMjIlMjBmcmFtZWJvcmRlciUzRCUyMjAlMjIlMjBzY3JvbGxpbmclM0QlMjJhdXRvJTIyJTIwc2FuZGJveCUzRCUyMmFsbG93LWZvcm1zJTIwYWxsb3ctcG9wdXBzJTIwJTIwYWxsb3ctcG9pbnRlci1sb2NrJTIwYWxsb3ctc2FtZS1vcmlnaW4lMjBhbGxvdy1zY3JpcHRzJTIwYWxsb3ctdG9wLW5hdmlnYXRpb24lMjIlM0UlM0MlMkZpZnJhbWUlM0U=[\/vc_raw_html][vc_custom_heading stripe_pos=&#8221;hide&#8221; text=&#8221;These are all our routes&#8221; use_theme_fonts=&#8221;yes&#8221; css=&#8221;.vc_custom_1495536876909{margin-bottom: -30px !important;}&#8221;][\/vc_column][\/vc_row][vc_row css=&#8221;.vc_custom_1490625057450{margin-top: 30px !important;}&#8221;][vc_column][vc_custom_heading stripe_pos=&#8221;hide&#8221; text=&#8221;Intercity services&#8221; font_container=&#8221;tag:h1|text_align:left|color:%233a3189&#8243; use_theme_fonts=&#8221;yes&#8221; css=&#8221;.vc_custom_1495536581319{margin-bottom: -30px !important;}&#8221;][vc_custom_heading stripe_pos=&#8221;hide&#8221; text=&#8221;These are all our routes&#8221; use_theme_fonts=&#8221;yes&#8221; css=&#8221;.vc_custom_1495536876909{margin-bottom: -30px !important;}&#8221;][\/vc_column][\/vc_row][vc_row css=&#8221;.vc_custom_1490625075235{margin-top: 15px !important;margin-bottom: 15px !important;}&#8221;][vc_column width=&#8221;1\/2&#8243;][vc_column_text css=&#8221;.vc_custom_1492872241678{padding-top: 15px !important;padding-right: 15px !important;padding-bottom: 15px !important;padding-left: 15px !important;}&#8221;]<span style=\"font-size: 12pt; color: #3a3189;\"><span style=\"line-height: 1.6em;\"><a href=\"#ninja-popup-2272\" class=\"snppopup-content\" rel=\"2272\">Alicante &#8211; Pilar de la Horadada <\/a><\/span><\/span><br \/>\n<span style=\"font-size: 12pt; color: #3a3189;\"><span style=\"line-height: 1.6em;\"><a href=\"#ninja-popup-2326\" class=\"snppopup-content\" rel=\"2326\">Torrevieja &#8211; Alicante <\/a><\/span><\/span><br \/>\n<span style=\"font-size: 12pt; color: #3a3189;\"><span style=\"line-height: 1.6em;\"><a href=\"#ninja-popup-2328\" class=\"snppopup-content\" rel=\"2328\">Torrevieja &#8211; C.C. Zenia Boulevard <\/a><\/span><\/span><br \/>\n<span style=\"font-size: 12pt; color: #3a3189;\"><span style=\"line-height: 1.6em;\"><a href=\"#ninja-popup-2331\" class=\"snppopup-content\" rel=\"2331\">Dolores &#8211; Alicante <\/a><\/span><\/span><br \/>\n<span style=\"font-size: 12pt; color: #3a3189;\"><span style=\"line-height: 1.6em;\"><a href=\"#ninja-popup-2334\" class=\"snppopup-content\" rel=\"2334\">Torrevieja &#8211; Crevillente <\/a><\/span><\/span><br \/>\n<span style=\"font-size: 12pt; color: #3a3189;\"><span style=\"line-height: 1.6em;\"><a href=\"#ninja-popup-2278\" class=\"snppopup-content\" rel=\"2278\">Torrevieja &#8211; Orihuela <\/a><\/span><\/span><br \/>\n<span style=\"font-size: 12pt; color: #3a3189;\"><span style=\"line-height: 1.6em;\"><a href=\"#ninja-popup-2337\" class=\"snppopup-content\" rel=\"2337\">Torrevieja &#8211; Pilar de la Horadada <\/a><\/span><\/span><br \/>\n<span style=\"font-size: 12pt; color: #3a3189;\"><span style=\"line-height: 1.6em;\"><a href=\"#ninja-popup-2274\" class=\"snppopup-content\" rel=\"2274\">Guardamar &#8211; Torrevieja Hospital <\/a><\/span><\/span><br \/>\n<span style=\"font-size: 12pt; color: #3a3189;\"><span style=\"line-height: 1.6em;\"><a href=\"#ninja-popup-2275\" class=\"snppopup-content\" rel=\"2275\">Los Montesinos &#8211; Torrevieja Hospital <\/a><\/span><\/span>[\/vc_column_text][\/vc_column][vc_column width=&#8221;1\/2&#8243;][vc_column_text css=&#8221;.vc_custom_1632211738721{padding-top: 15px !important;padding-right: 15px !important;padding-bottom: 15px !important;padding-left: 15px !important;}&#8221;]<span style=\"font-size: 12pt; color: #3a3189;\"><span style=\"line-height: 1.6em;\"><a href=\"#ninja-popup-2276\" class=\"snppopup-content\" rel=\"2276\">Los Montesinos \u00a0&#8211; \u00a0Torrevieja <\/a><\/span><br \/>\n<span style=\"font-size: 12pt;\"><span style=\"line-height: 1.6em;\"><a href=\"#ninja-popup-2277\" class=\"snppopup-content\" rel=\"2277\">Orihuela &#8211; \u00a0Desamparados <\/a><\/span><br \/>\n<span style=\"font-size: 12pt;\"><span style=\"line-height: 1.6em;\"><a href=\"#ninja-popup-2273\" class=\"snppopup-content\" rel=\"2273\">Orihuela &#8211; Vega Baja Hosp. &#8211; Callosa de Segura <\/a><\/span><br \/>\n<span style=\"font-size: 12pt;\"><span style=\"line-height: 1.6em;\"><a href=\"#ninja-popup-2227\" class=\"snppopup-content\" rel=\"2227\">Orihuela &#8211; Mil Palmeras <\/a><\/span><br \/>\n<span style=\"font-size: 12pt;\"><span style=\"line-height: 1.6em;\"><a href=\"#ninja-popup-2279\" class=\"snppopup-content\" rel=\"2279\">Pilar de la Horadada &#8211; Torrevieja Hosp. <\/a><\/span><span style=\"font-size: 12pt;\"><br \/>\n<span style=\"font-size: 12pt;\"><span style=\"line-height: 1.6em;\"><a href=\"#ninja-popup-2282\" class=\"snppopup-content\" rel=\"2282\">Torrevieja &#8211; Alicante\/Elche Airport <\/a><\/span><br \/>\n<span style=\"font-size: 12pt;\"><span style=\"line-height: 1.6em;\"><a href=\"#ninja-popup-2285\" class=\"snppopup-content\" rel=\"2285\">Torrevieja &#8211; Alicante University <\/a><\/span><\/span><\/span><\/span><\/span><\/span><\/span><\/span><\/span>[\/vc_column_text][\/vc_column][\/vc_row][vc_row content_placement=&#8221;middle&#8221; css=&#8221;.vc_custom_1488232459087{margin-top: 5px !important;margin-right: 0px !important;margin-bottom: 5px !important;margin-left: 0px !important;padding-top: 10px !important;padding-bottom: 10px !important;}&#8221;][vc_column offset=&#8221;vc_hidden-lg vc_hidden-md&#8221;][vc_column_text]\n<p style=\"text-align: center;\"><span style=\"color: #3a3189; font-size: medium;\">CAN WE HELP YOU<\/span><span style=\"color: #3a3189; font-size: medium;\">?<\/span><span style=\"color: #3a3189; font-size: medium;\">\u00a0<\/span><span style=\"color: #e73d36;\"><strong><span style=\"font-size: 12pt;\">(+34) 965 710 449<\/span><\/strong><\/span><\/p>\n[\/vc_column_text][\/vc_column][\/vc_row][vc_row content_placement=&#8221;middle&#8221; disable_element=&#8221;yes&#8221; css=&#8221;.vc_custom_1489825072013{margin-top: 0px !important;margin-right: 0px !important;margin-bottom: 10px !important;margin-left: 0px !important;padding-top: 10px !important;padding-bottom: 10px !important;}&#8221;][vc_column width=&#8221;1\/2&#8243; offset=&#8221;vc_hidden-lg vc_hidden-md&#8221; css=&#8221;.vc_custom_1488298416501{margin-bottom: 10px !important;}&#8221;][vc_single_image image=&#8221;1648&#8243; img_size=&#8221;full&#8221; alignment=&#8221;center&#8221; onclick=&#8221;custom_link&#8221; link=&#8221;#&#8221;][\/vc_column][vc_column width=&#8221;1\/2&#8243; offset=&#8221;vc_hidden-lg vc_hidden-md&#8221;][vc_single_image image=&#8221;1649&#8243; img_size=&#8221;full&#8221; alignment=&#8221;center&#8221; onclick=&#8221;custom_link&#8221; link=&#8221;#&#8221;][\/vc_column][\/vc_row][vc_row disable_element=&#8221;yes&#8221; css=&#8221;.vc_custom_1489824966298{margin-bottom: 20px !important;}&#8221;][vc_column width=&#8221;1\/2&#8243; css=&#8221;.vc_custom_1488274636374{margin-bottom: 20px !important;}&#8221;][vc_single_image image=&#8221;1609&#8243; img_size=&#8221;full&#8221; alignment=&#8221;center&#8221; css=&#8221;.vc_custom_1488365051807{margin-bottom: 0px !important;}&#8221;][vc_column_text css=&#8221;.vc_custom_1489687120898{margin-top: 0px !important;padding-top: 15px !important;padding-right: 15px !important;padding-bottom: 15px !important;padding-left: 15px !important;background-color: #f2f2f2 !important;}&#8221;]<span style=\"font-size: 12pt;\"><strong>TORREVIEJA &#8211; AEROPUERTO\u00a0ALICANTE-ELCHE<\/strong><\/span><br \/>\nC\u00f3modo, puntual y econ\u00f3mico.<br \/>\n<strong><a href=\"#\">COMPRAR BILLETE<\/a>\u00a0\u2192<\/strong>[\/vc_column_text][\/vc_column][vc_column width=&#8221;1\/2&#8243;][vc_single_image image=&#8221;1429&#8243; img_size=&#8221;full&#8221; alignment=&#8221;center&#8221; css=&#8221;.vc_custom_1488203159562{margin-bottom: 0px !important;}&#8221;][vc_column_text css=&#8221;.vc_custom_1488295259470{margin-top: 0px !important;padding-top: 15px !important;padding-right: 15px !important;padding-bottom: 15px !important;padding-left: 15px !important;background-color: #f2f2f2 !important;}&#8221;]<span style=\"font-size: 12pt;\"><strong>CARN\u00c9 UNIVERSITARIO<\/strong><\/span><br \/>\nDate de\u00a0alta\u00a0o \u00a1recarga tu bono!<br \/>\n<strong><a href=\"#\">M\u00c1S INFORMACI\u00d3N<\/a>\u00a0\u2192<\/strong>[\/vc_column_text][\/vc_column][\/vc_row][vc_row disable_element=&#8221;yes&#8221;][vc_column width=&#8221;1\/2&#8243; css=&#8221;.vc_custom_1488200775496{margin-bottom: 20px !important;}&#8221;][vc_single_image image=&#8221;1437&#8243; img_size=&#8221;full&#8221; alignment=&#8221;center&#8221; css=&#8221;.vc_custom_1488207912886{margin-bottom: 0px !important;}&#8221;][vc_column_text css=&#8221;.vc_custom_1488295278314{margin-top: 0px !important;padding-top: 15px !important;padding-right: 15px !important;padding-bottom: 15px !important;padding-left: 15px !important;background-color: #f2f2f2 !important;}&#8221;]<span style=\"font-size: 12pt;\"><strong>L\u00cdNEAS INTERURBANAS<\/strong><\/span><br \/>\nTodas las l\u00edneas, horarios, precios&#8230;<br \/>\n<strong><a href=\"#\">M\u00c1S INFORMACI\u00d3N<\/a>\u00a0\u2192<\/strong>[\/vc_column_text][\/vc_column][vc_column width=&#8221;1\/2&#8243;][vc_single_image image=&#8221;1438&#8243; img_size=&#8221;full&#8221; alignment=&#8221;center&#8221; css=&#8221;.vc_custom_1488207930109{margin-bottom: 0px !important;}&#8221;][vc_column_text css=&#8221;.vc_custom_1488295295839{margin-top: 0px !important;padding-top: 15px !important;padding-right: 15px !important;padding-bottom: 15px !important;padding-left: 15px !important;background-color: #f2f2f2 !important;}&#8221;]<span style=\"font-size: 12pt;\"><strong>L\u00cdNEAS URBANAS<\/strong><\/span><br \/>\nParada a parada, todo detallado.<br \/>\n<strong><a href=\"#\">M\u00c1S INFORMACI\u00d3N<\/a>\u00a0\u2192<\/strong>[\/vc_column_text][\/vc_column][\/vc_row][vc_row css=&#8221;.vc_custom_1488302589508{margin-top: 15px !important;padding-top: 0px !important;padding-bottom: 0px !important;}&#8221;][vc_column offset=&#8221;vc_hidden-sm vc_hidden-xs&#8221;][vc_single_image image=&#8221;2485&#8243; img_size=&#8221;full&#8221; alignment=&#8221;center&#8221;][\/vc_column][\/vc_row][vc_row css=&#8221;.vc_custom_1488302589508{margin-top: 15px !important;padding-top: 0px !important;padding-bottom: 0px !important;}&#8221;][vc_column offset=&#8221;vc_hidden-lg vc_hidden-md&#8221;][vc_single_image image=&#8221;2486&#8243; img_size=&#8221;full&#8221; alignment=&#8221;center&#8221;][\/vc_column][\/vc_row][vc_row disable_element=&#8221;yes&#8221; css=&#8221;.vc_custom_1489826015491{margin-bottom: -60px !important;padding-top: 30px !important;padding-bottom: 30px !important;background-color: #f2f2f2 !important;}&#8221;][vc_column width=&#8221;1\/3&#8243;][vc_custom_heading text=&#8221;\u00a1Te llamamos!&#8221; font_container=&#8221;tag:div|font_size:34|text_align:left|color:%233a3189|line_height:38px&#8221; google_fonts=&#8221;font_family:Open%20Sans%3A300%2C300italic%2Cregular%2Citalic%2C600%2C600italic%2C700%2C700italic%2C800%2C800italic|font_style:400%20regular%3A400%3Anormal&#8221; css=&#8221;.vc_custom_1488229156622{margin-bottom: 19px !important;}&#8221;][vc_column_text]Te gustar\u00eda ampliar informaci\u00f3n acerca de l\u00edneas, horarios o cualquier otro servicio? D\u00e9janos tu tel\u00e9fono,\u00a0te llamamos a\u00a0la mayor\u00a0brevedad posible.[\/vc_column_text][\/vc_column][vc_column width=&#8221;2\/3&#8243; css=&#8221;.vc_custom_1488230947262{margin-top: 20px !important;}&#8221;]\n<div class=\"wpcf7 no-js\" id=\"wpcf7-f1029-o1\" lang=\"en-US\" dir=\"ltr\">\n<div class=\"screen-reader-response\"><p role=\"status\" aria-live=\"polite\" aria-atomic=\"true\"><\/p> <ul><\/ul><\/div>\n<form action=\"\/en\/wp-json\/wp\/v2\/pages\/2411#wpcf7-f1029-o1\" method=\"post\" class=\"wpcf7-form init\" aria-label=\"Contact form\" novalidate=\"novalidate\" data-status=\"init\">\n<div style=\"display: none;\">\n<input type=\"hidden\" name=\"_wpcf7\" value=\"1029\" \/>\n<input type=\"hidden\" name=\"_wpcf7_version\" value=\"5.9.6\" \/>\n<input type=\"hidden\" name=\"_wpcf7_locale\" value=\"en_US\" \/>\n<input type=\"hidden\" name=\"_wpcf7_unit_tag\" value=\"wpcf7-f1029-o1\" \/>\n<input type=\"hidden\" name=\"_wpcf7_container_post\" value=\"0\" \/>\n<input type=\"hidden\" name=\"_wpcf7_posted_data_hash\" value=\"\" \/>\n<input type=\"hidden\" name=\"_wpcf7_recaptcha_response\" value=\"\" \/>\n<\/div>\n<div class=\"request_callback\">\n\t<div class=\"row\">\n\t\t<div class=\"col-lg-6 col-md-6 col-sm-6 col-xs-12\">\n\t\t\t<div class=\"input-group\">\n\t\t\t\t<p><span class=\"wpcf7-form-control-wrap\" data-name=\"servicios\"><select class=\"wpcf7-form-control wpcf7-select\" aria-invalid=\"false\" name=\"servicios\"><option value=\"\">Informaci\u00f3n sobre<\/option><option value=\"Aeropuerto Alicante-Elche\">Aeropuerto Alicante-Elche<\/option><option value=\"Bono universitario\">Bono universitario<\/option><option value=\"L\u00edneas interurbanas\">L\u00edneas interurbanas<\/option><option value=\"L\u00edneas urbanas\">L\u00edneas urbanas<\/option><option value=\"Alquiler autobuses\">Alquiler autobuses<\/option><option value=\"Bodas y celebraciones\">Bodas y celebraciones<\/option><option value=\"Alquiler limusinas\">Alquiler limusinas<\/option><option value=\"Transporte escolar\">Transporte escolar<\/option><option value=\"Personas movilidad reducida\">Personas movilidad reducida<\/option><\/select><\/span>\n\t\t\t\t<\/p>\n\t\t\t<\/div>\n\t\t<\/div>\n\t\t<div class=\"col-lg-6 col-md-6 col-sm-6 col-xs-12\">\n\t\t\t<div class=\"input-group\">\n\t\t\t\t<p><span class=\"wpcf7-form-control-wrap\" data-name=\"nombre\"><input size=\"40\" maxlength=\"80\" class=\"wpcf7-form-control wpcf7-text wpcf7-validates-as-required\" aria-required=\"true\" aria-invalid=\"false\" placeholder=\"Tu nombre\" value=\"\" type=\"text\" name=\"nombre\" \/><\/span>\n\t\t\t\t<\/p>\n\t\t\t<\/div>\n\t\t<\/div>\n\t\t<div class=\"col-lg-6 col-md-6 col-sm-6 col-xs-12\">\n\t\t\t<div class=\"input-group\">\n\t\t\t\t<p><span class=\"wpcf7-form-control-wrap\" data-name=\"telefono\"><input size=\"40\" maxlength=\"80\" class=\"wpcf7-form-control wpcf7-tel wpcf7-validates-as-required wpcf7-text wpcf7-validates-as-tel\" aria-required=\"true\" aria-invalid=\"false\" placeholder=\"Tu Fijo \/ M\u00f3vil\" value=\"\" type=\"tel\" name=\"telefono\" \/><\/span>\n\t\t\t\t<\/p>\n\t\t\t<\/div>\n\t\t<\/div>\n\t\t<div class=\"col-lg-6 col-md-6 col-sm-6 col-xs-12\">\n\t\t\t<div class=\"input-group\">\n\t\t\t\t<p><button type=\"submit\" class=\"button size-lg icon_right\">Llamadme <i class=\"fa fa-chevron-right\"><\/i><\/button>\n\t\t\t\t<\/p>\n\t\t\t\t<div class=\"input-group\">\n\t\t\t\t\t<p>Acepto la <a href=\"\/aviso-legal-y-politica-de-privacidad\/\" class=\"popup\" data-height=\"450\" data-width=\"450\" data-scrollbars=\"0\" alt=\"condiciones\">pol\u00edtica de privacidad<\/a><span class=\"wpcf7-form-control-wrap\" data-name=\"acceptance-683\"><span class=\"wpcf7-form-control wpcf7-acceptance\"><span class=\"wpcf7-list-item\"><input type=\"checkbox\" name=\"acceptance-683\" value=\"1\" aria-invalid=\"false\" \/><\/span><\/span><\/span>\n\t\t\t\t\t<\/p>\n\t\t\t\t<\/div>\n\t\t\t<\/div>\n\t\t<\/div>\n\t<\/div>\n<\/div><p style=\"display: none !important;\" class=\"akismet-fields-container\" data-prefix=\"_wpcf7_ak_\"><label>&#916;<textarea name=\"_wpcf7_ak_hp_textarea\" cols=\"45\" rows=\"8\" maxlength=\"100\"><\/textarea><\/label><input type=\"hidden\" id=\"ak_js_1\" name=\"_wpcf7_ak_js\" value=\"42\"\/><script>document.getElementById( \"ak_js_1\" ).setAttribute( \"value\", ( new Date() ).getTime() );<\/script><\/p><div class=\"wpcf7-response-output\" aria-hidden=\"true\"><\/div>\n<\/form>\n<\/div>\n[\/vc_column][\/vc_row]\n","protected":false},"excerpt":{"rendered":"<p>[vc_row disable_element=&#8221;yes&#8221; css=&#8221;.vc_custom_1489831432646{margin-bottom: 0px !important;}&#8221;][vc_column offset=&#8221;vc_hidden-xs&#8221;][rev_slider_vc alias=&#8221;compra-billete&#8221;][\/vc_column][\/vc_row][vc_row css=&#8221;.vc_custom_1488302589508{margin-top: 15px !important;padding-top: 0px !important;padding-bottom: 0px !important;}&#8221;][vc_column][vc_single_image image=&#8221;3931&#8243; img_size=&#8221;full&#8221; alignment=&#8221;center&#8221; onclick=&#8221;custom_link&#8221; link=&#8221;\/en\/alarm-state\/&#8221;][\/vc_column][\/vc_row][vc_row disable_element=&#8221;yes&#8221; css=&#8221;.vc_custom_1597914755645{margin-top: 30px !important;}&#8221;][vc_column][vc_custom_heading stripe_pos=&#8221;hide&#8221; text=&#8221;Intercity services&#8221; font_container=&#8221;tag:h1|text_align:left|color:%233a3189&#8243; use_theme_fonts=&#8221;yes&#8221; css=&#8221;.vc_custom_1495536581319{margin-bottom: -30px !important;}&#8221;][vc_custom_heading stripe_pos=&#8221;hide&#8221; text=&#8221;You can see all the timetables of our intercity lines from here. Approximate timetables at stops that are NOT header. They are updated<\/p>\n","protected":false},"author":12,"featured_media":0,"parent":0,"menu_order":0,"comment_status":"closed","ping_status":"closed","template":"","meta":{"footnotes":""},"aioseo_notices":[],"_links":{"self":[{"href":"https:\/\/costazul.net\/en\/wp-json\/wp\/v2\/pages\/2411"}],"collection":[{"href":"https:\/\/costazul.net\/en\/wp-json\/wp\/v2\/pages"}],"about":[{"href":"https:\/\/costazul.net\/en\/wp-json\/wp\/v2\/types\/page"}],"author":[{"embeddable":true,"href":"https:\/\/costazul.net\/en\/wp-json\/wp\/v2\/users\/12"}],"replies":[{"embeddable":true,"href":"https:\/\/costazul.net\/en\/wp-json\/wp\/v2\/comments?post=2411"}],"version-history":[{"count":13,"href":"https:\/\/costazul.net\/en\/wp-json\/wp\/v2\/pages\/2411\/revisions"}],"predecessor-version":[{"id":4315,"href":"https:\/\/costazul.net\/en\/wp-json\/wp\/v2\/pages\/2411\/revisions\/4315"}],"wp:attachment":[{"href":"https:\/\/costazul.net\/en\/wp-json\/wp\/v2\/media?parent=2411"}],"curies":[{"name":"wp","href":"https:\/\/api.w.org\/{rel}","templated":true}]}}