{"id":4050,"date":"2020-12-13T21:38:19","date_gmt":"2020-12-13T21:38:19","guid":{"rendered":"http:\/\/costazul.net\/?page_id=4050\/"},"modified":"2020-12-13T21:39:38","modified_gmt":"2020-12-13T21:39:38","slug":"ventajas-mobilis","status":"publish","type":"page","link":"https:\/\/costazul.net\/en\/ventajas-mobilis\/","title":{"rendered":"Ventajas M\u00f3bilis"},"content":{"rendered":"[vc_row css=&#8221;.vc_custom_1490115096995{margin-top: 30px !important;margin-bottom: 0px !important;}&#8221;][vc_column][vc_custom_heading stripe_pos=&#8221;hide&#8221; text=&#8221;NUEVA tarjetaBus M\u00f3bilis&#8221; font_container=&#8221;tag:h1|font_size:32|text_align:left|color:%23ea1928&#8243; google_fonts=&#8221;font_family:Lato%3A100%2C100italic%2C300%2C300italic%2Cregular%2Citalic%2C700%2C700italic%2C900%2C900italic|font_style:400%20italic%3A400%3Aitalic&#8221; css=&#8221;.vc_custom_1607681423707{margin-bottom: -30px !important;}&#8221;][\/vc_column][\/vc_row][vc_row content_placement=&#8221;bottom&#8221; css=&#8221;.vc_custom_1531309442850{margin-top: 0px !important;margin-right: 0px !important;margin-left: 0px !important;}&#8221;][vc_column width=&#8221;1\/2&#8243; css=&#8221;.vc_custom_1489826026859{padding-top: 30px !important;}&#8221;][vc_single_image image=&#8221;4070&#8243; img_size=&#8221;full&#8221; alignment=&#8221;center&#8221;][vc_custom_heading stripe_pos=&#8221;hide&#8221; text=&#8221;La nueva tarjetaBus de M\u00f3bilis es una tarjeta CONTACTLESS (sin contacto) de tipo monedero (recargable), con la que se unifica la red de transporte p\u00fablico de las l\u00edneas operadas por Avanza en la provincia de Alicante.<br \/>\nCon el lanzamiento de esta tarjeta todos nuestros usuarios podr\u00e1n beneficiarse de las siguientes ventajas:&#8221; use_theme_fonts=&#8221;yes&#8221; css=&#8221;.vc_custom_1607681338185{margin-bottom: 20px !important;}&#8221;][\/vc_column][vc_column width=&#8221;1\/2&#8243;][vc_single_image image=&#8221;4072&#8243; img_size=&#8221;full&#8221; alignment=&#8221;center&#8221;][\/vc_column][\/vc_row][vc_row content_placement=&#8221;bottom&#8221; css=&#8221;.vc_custom_1531309442850{margin-top: 0px !important;margin-right: 0px !important;margin-left: 0px !important;}&#8221;][vc_column css=&#8221;.vc_custom_1489826026859{padding-top: 30px !important;}&#8221;][vc_row_inner][vc_column_inner width=&#8221;1\/2&#8243;][vc_column_text]\n<h2><span style=\"color: #5f1e63;\"><strong>CONDICIONES DE USO<\/strong><\/span><\/h2>\n<ul>\n<li>El precio de compra de la tarjeta es de 2\u20ac, no reembolsables, que s\u00f3lo deber\u00e1s pagar una vez mientras la conserves.<\/li>\n<li>Deber\u00e1s hacer una primera recarga de 20\u20ac y las siguientes podr\u00e1n ser de 10\u20ac o 20\u20ac.<\/li>\n<li>Puedes utilizarla en todas las l\u00edneas urbanas e interurbanas operadas por Avanza.<\/li>\n<li>La <strong>tarjetaBus<\/strong> no tiene restricciones de uso, por lo que puede ser utilizada por varias personas para un mismo trayecto hasta agotar su saldo.<\/li>\n<\/ul>\n[\/vc_column_text][\/vc_column_inner][vc_column_inner width=&#8221;1\/2&#8243;][vc_column_text]\n<h3><span style=\"color: #5f1e63;\"><strong>Puedes comprar y recargar la nueva tarjeta en los siguientes puntos:<\/strong><\/span><\/h3>\n<ul>\n<li>Estaci\u00f3n de autobuses de Alicante (Taquilla Avanza)<\/li>\n<li>Estaci\u00f3n de autobuses de Torrevieja (Taquilla Avanza)<\/li>\n<li>Estaci\u00f3n de autobuses de Guardamar del Segura (Taquilla Avanza)<\/li>\n<li>A bordo de nuestros autobuses<\/li>\n<\/ul>\n[\/vc_column_text][\/vc_column_inner][\/vc_row_inner][\/vc_column][\/vc_row][vc_row content_placement=&#8221;bottom&#8221; css=&#8221;.vc_custom_1531309442850{margin-top: 0px !important;margin-right: 0px !important;margin-left: 0px !important;}&#8221;][vc_column css=&#8221;.vc_custom_1489826026859{padding-top: 30px !important;}&#8221;][vc_row_inner][vc_column_inner][vc_column_text]\n<h2><span style=\"color: #5f1e63;\"><strong>ACTUALIZACI\u00d3N DE TARIFAS<\/strong><\/span><\/h2>\n<p>Las siguientes tarifas ser\u00e1n de aplicaci\u00f3n a partir del lanzamiento de las nuevas tarjetas M\u00f3bilis:[\/vc_column_text][vc_single_image image=&#8221;4076&#8243; img_size=&#8221;full&#8221; alignment=&#8221;center&#8221;][vc_column_text]<strong><em>Inicialmente, esta <\/em>tarjetaBus<\/strong><strong><em> ser\u00e1 v\u00e1lida \u00fanicamente en las l\u00edneas\/localidades citadas anteriormente.<\/em><\/strong><br \/>\n<strong><em>Nota: El descuento por la utilizaci\u00f3n de tarjetas M\u00f3bilis no es aplicable a otras tarifas especiales: Mayores de 65 a\u00f1os, familia numerosa, etc.<\/em><\/strong>[\/vc_column_text][\/vc_column_inner][\/vc_row_inner][\/vc_column][vc_column css=&#8221;.vc_custom_1531310340616{margin-top: 25px !important;}&#8221;][\/vc_column][\/vc_row][vc_row content_placement=&#8221;bottom&#8221; css=&#8221;.vc_custom_1531309442850{margin-top: 0px !important;margin-right: 0px !important;margin-left: 0px !important;}&#8221;][vc_column css=&#8221;.vc_custom_1489826026859{padding-top: 30px !important;}&#8221;][vc_row_inner][vc_column_inner width=&#8221;1\/2&#8243;][vc_column_text]\n<h2><span style=\"color: #5f1e63;\"><strong>FAQS<\/strong><\/span><\/h2>\n<p><strong>1.- Se me ha acabado el saldo de la <\/strong><strong>tarjetaBus<\/strong><strong> M\u00f3bilis \u00bfqu\u00e9 hago?<\/strong><b><u><\/u><\/b><\/p>\n<p>No tires la tarjeta. Rec\u00e1rgala todas las veces que necesites.<\/p>\n<p><strong>2.- La tarjeta no me funciona \u00bfy ahora?<\/strong><\/p>\n<p>Si la tarjeta no te funciona ve a una de las Oficinas de Atenci\u00f3n al Cliente y all\u00ed atender\u00e1n tu \u00a0incidencia, o <strong>contacta con nosotros en el +34 965 710 449.<\/strong><\/p>\n<p><strong>3.- \u00bfPuedo conocer el saldo de mi tarjeta?<\/strong><\/p>\n<p>Claro. Tienes diversas formas para conocer el saldo de tu tarjeta:<\/p>\n<p><strong>\u00a0\u00a0\u00a0\u00a0\u00a0\u00a0\u00a0\u00a0\u00a0\u00a0\u00a0 &#8211;<\/strong><strong>\u00a0<\/strong>Al validar tu viaje en el autob\u00fas, la tarjeta expide el billete donde te indicamos el saldo \u00a0restante.<\/p>\n<p><strong>\u00a0\u00a0\u00a0\u00a0\u00a0\u00a0\u00a0\u00a0\u00a0\u00a0\u00a0 &#8211;<\/strong>\u00a0En las Oficinas de Atenci\u00f3n al Cliente y en nuestros autobuses tambi\u00e9n te ofrecemos esa \u00a0informaci\u00f3n.<\/p>\n<p><strong>4.- \u00bfCu\u00e1ndo caduca mi tarjeta?<\/strong><\/p>\n<p>La <strong>tarjetaBus<\/strong> tiene una caducidad de 3 a\u00f1os desde su primer uso.[\/vc_column_text][\/vc_column_inner][vc_column_inner width=&#8221;1\/2&#8243;][\/vc_column_inner][\/vc_row_inner][\/vc_column][\/vc_row][vc_row content_placement=&#8221;middle&#8221; css=&#8221;.vc_custom_1488232459087{margin-top: 5px !important;margin-right: 0px !important;margin-bottom: 5px !important;margin-left: 0px !important;padding-top: 10px !important;padding-bottom: 10px !important;}&#8221;][vc_column offset=&#8221;vc_hidden-lg vc_hidden-md&#8221;][vc_column_text]\n<p style=\"text-align: center;\"><span style=\"color: #3a3189; font-size: medium;\">\u00bf<\/span><span style=\"color: #3a3189;\">NECESITAS<\/span><span style=\"color: #3a3189; font-size: medium;\">\u00a0AYUDA?<\/span><span style=\"color: #3a3189; font-size: medium;\">\u00a0<\/span><span style=\"color: #e73d36;\"><strong><span style=\"font-size: 12pt;\">(+34) 965 710 449<\/span><\/strong><\/span><\/p>\n[\/vc_column_text][\/vc_column][\/vc_row]\n","protected":false},"excerpt":{"rendered":"<p>[vc_row css=&#8221;.vc_custom_1490115096995{margin-top: 30px !important;margin-bottom: 0px !important;}&#8221;][vc_column][vc_custom_heading stripe_pos=&#8221;hide&#8221; text=&#8221;NUEVA tarjetaBus M\u00f3bilis&#8221; font_container=&#8221;tag:h1|font_size:32|text_align:left|color:%23ea1928&#8243; google_fonts=&#8221;font_family:Lato%3A100%2C100italic%2C300%2C300italic%2Cregular%2Citalic%2C700%2C700italic%2C900%2C900italic|font_style:400%20italic%3A400%3Aitalic&#8221; css=&#8221;.vc_custom_1607681423707{margin-bottom: -30px !important;}&#8221;][\/vc_column][\/vc_row][vc_row content_placement=&#8221;bottom&#8221; css=&#8221;.vc_custom_1531309442850{margin-top: 0px !important;margin-right: 0px !important;margin-left: 0px !important;}&#8221;][vc_column width=&#8221;1\/2&#8243; css=&#8221;.vc_custom_1489826026859{padding-top: 30px !important;}&#8221;][vc_single_image image=&#8221;4070&#8243; img_size=&#8221;full&#8221; alignment=&#8221;center&#8221;][vc_custom_heading stripe_pos=&#8221;hide&#8221; text=&#8221;La nueva tarjetaBus de M\u00f3bilis es una tarjeta CONTACTLESS (sin contacto) de tipo monedero (recargable), con la que se unifica la red de transporte<\/p>\n","protected":false},"author":12,"featured_media":0,"parent":0,"menu_order":0,"comment_status":"closed","ping_status":"closed","template":"","meta":{"footnotes":""},"aioseo_notices":[],"_links":{"self":[{"href":"https:\/\/costazul.net\/en\/wp-json\/wp\/v2\/pages\/4050"}],"collection":[{"href":"https:\/\/costazul.net\/en\/wp-json\/wp\/v2\/pages"}],"about":[{"href":"https:\/\/costazul.net\/en\/wp-json\/wp\/v2\/types\/page"}],"author":[{"embeddable":true,"href":"https:\/\/costazul.net\/en\/wp-json\/wp\/v2\/users\/12"}],"replies":[{"embeddable":true,"href":"https:\/\/costazul.net\/en\/wp-json\/wp\/v2\/comments?post=4050"}],"version-history":[{"count":2,"href":"https:\/\/costazul.net\/en\/wp-json\/wp\/v2\/pages\/4050\/revisions"}],"predecessor-version":[{"id":4080,"href":"https:\/\/costazul.net\/en\/wp-json\/wp\/v2\/pages\/4050\/revisions\/4080"}],"wp:attachment":[{"href":"https:\/\/costazul.net\/en\/wp-json\/wp\/v2\/media?parent=4050"}],"curies":[{"name":"wp","href":"https:\/\/api.w.org\/{rel}","templated":true}]}}